{"id":136,"date":"2026-04-01T18:37:41","date_gmt":"2026-04-01T18:37:41","guid":{"rendered":"https:\/\/azurea-apartment.com\/?page_id=136"},"modified":"2026-04-08T19:49:24","modified_gmt":"2026-04-08T19:49:24","slug":"booking","status":"publish","type":"page","link":"https:\/\/azurea-apartment.com\/fr\/booking","title":{"rendered":"R\u00e9servation"},"content":{"rendered":"<div data-elementor-type=\"wp-page\" data-elementor-id=\"136\" class=\"elementor elementor-136\" data-elementor-post-type=\"page\">\n\t\t\t\t<div class=\"elementor-element elementor-element-c0a6a6d e-flex e-con-boxed e-con e-parent\" data-id=\"c0a6a6d\" data-element_type=\"container\" data-e-type=\"container\" data-settings=\"{&quot;background_background&quot;:&quot;classic&quot;}\">\n\t\t\t\t\t<div class=\"e-con-inner\">\n\t\t\t\t<div class=\"elementor-element elementor-element-30c1c41 elementor-widget elementor-widget-text-editor\" data-id=\"30c1c41\" data-element_type=\"widget\" data-e-type=\"widget\" data-widget_type=\"text-editor.default\">\n\t\t\t\t\t\t\t\t\t<p>Azurea<\/p>\t\t\t\t\t\t\t\t<\/div>\n\t\t\t\t<div class=\"elementor-element elementor-element-1a38a87 elementor-widget elementor-widget-heading\" data-id=\"1a38a87\" data-element_type=\"widget\" data-e-type=\"widget\" data-widget_type=\"heading.default\">\n\t\t\t\t\t<h1 class=\"elementor-heading-title elementor-size-default\">DISPONIBILIT\u00c9 ET R\u00c9SERVATION<\/h1>\t\t\t\t<\/div>\n\t\t\t\t<div class=\"elementor-element elementor-element-df9b999 elementor-widget elementor-widget-text-editor\" data-id=\"df9b999\" data-element_type=\"widget\" data-e-type=\"widget\" data-widget_type=\"text-editor.default\">\n\t\t\t\t\t\t\t\t\t<p>Planifiez votre s\u00e9jour \u00e0 Azurea<\/p>\t\t\t\t\t\t\t\t<\/div>\n\t\t\t\t<div class=\"elementor-element elementor-element-40411e6 elementor-widget elementor-widget-spacer\" data-id=\"40411e6\" data-element_type=\"widget\" data-e-type=\"widget\" data-widget_type=\"spacer.default\">\n\t\t\t\t\t\t\t<div class=\"elementor-spacer\">\n\t\t\t<div class=\"elementor-spacer-inner\"><\/div>\n\t\t<\/div>\n\t\t\t\t\t\t<\/div>\n\t\t\t\t\t<\/div>\n\t\t\t\t<\/div>\n\t\t<div class=\"elementor-element elementor-element-4cd878f e-flex e-con-boxed e-con e-parent\" data-id=\"4cd878f\" data-element_type=\"container\" data-e-type=\"container\" data-settings=\"{&quot;background_background&quot;:&quot;classic&quot;}\">\n\t\t\t\t\t<div class=\"e-con-inner\">\n\t\t<div class=\"elementor-element elementor-element-f4187ca e-con-full e-flex e-con e-child\" data-id=\"f4187ca\" data-element_type=\"container\" data-e-type=\"container\">\n\t\t\t\t<div class=\"elementor-element elementor-element-280628a elementor-widget elementor-widget-text-editor\" data-id=\"280628a\" data-element_type=\"widget\" data-e-type=\"widget\" data-widget_type=\"text-editor.default\">\n\t\t\t\t\t\t\t\t\t<p>R\u00e9servation<\/p>\t\t\t\t\t\t\t\t<\/div>\n\t\t\t\t<div class=\"elementor-element elementor-element-08235ea elementor-widget elementor-widget-heading\" data-id=\"08235ea\" data-element_type=\"widget\" data-e-type=\"widget\" data-widget_type=\"heading.default\">\n\t\t\t\t\t<h2 class=\"elementor-heading-title elementor-size-default\">R\u00e9servez votre s\u00e9jour directement<\/h2>\t\t\t\t<\/div>\n\t\t\t\t<div class=\"elementor-element elementor-element-4600962 elementor-widget elementor-widget-text-editor\" data-id=\"4600962\" data-element_type=\"widget\" data-e-type=\"widget\" data-widget_type=\"text-editor.default\">\n\t\t\t\t\t\t\t\t\t<p>V\u00e9rifiez la disponibilit\u00e9 en temps r\u00e9el et r\u00e9servez votre s\u00e9jour instantan\u00e9ment en ligne. Azurea offre une exp\u00e9rience de r\u00e9servation simple, s\u00e9curis\u00e9e et fluide, avec confirmation directe de votre r\u00e9servation. Nous sommes \u00e9galement heureux de vous aider pour la disponibilit\u00e9, vos questions et votre s\u00e9jour sur la C\u00f4te d\u2019Azur.<\/p>\t\t\t\t\t\t\t\t<\/div>\n\t\t\t\t<\/div>\n\t\t<div class=\"elementor-element elementor-element-843f23b e-con-full e-flex e-con e-child\" data-id=\"843f23b\" data-element_type=\"container\" data-e-type=\"container\">\n\t\t\t\t<div class=\"elementor-element elementor-element-c74417d elementor-widget elementor-widget-image\" data-id=\"c74417d\" data-element_type=\"widget\" data-e-type=\"widget\" data-widget_type=\"image.default\">\n\t\t\t\t\t\t\t\t\t\t\t\t\t\t\t<img fetchpriority=\"high\" decoding=\"async\" width=\"1600\" height=\"893\" src=\"https:\/\/azurea-apartment.com\/wp-content\/uploads\/2026\/03\/dfec0907-0ee2-4abc-97e7-15c6bb5a3929.jpg\" class=\"attachment-full size-full wp-image-46\" alt=\"\" srcset=\"https:\/\/azurea-apartment.com\/wp-content\/uploads\/2026\/03\/dfec0907-0ee2-4abc-97e7-15c6bb5a3929.jpg 1600w, https:\/\/azurea-apartment.com\/wp-content\/uploads\/2026\/03\/dfec0907-0ee2-4abc-97e7-15c6bb5a3929-300x167.jpg 300w, https:\/\/azurea-apartment.com\/wp-content\/uploads\/2026\/03\/dfec0907-0ee2-4abc-97e7-15c6bb5a3929-1024x572.jpg 1024w, https:\/\/azurea-apartment.com\/wp-content\/uploads\/2026\/03\/dfec0907-0ee2-4abc-97e7-15c6bb5a3929-768x429.jpg 768w, https:\/\/azurea-apartment.com\/wp-content\/uploads\/2026\/03\/dfec0907-0ee2-4abc-97e7-15c6bb5a3929-1536x857.jpg 1536w\" sizes=\"(max-width: 1600px) 100vw, 1600px\" \/>\t\t\t\t\t\t\t\t\t\t\t\t\t\t\t<\/div>\n\t\t\t\t<\/div>\n\t\t\t\t\t<\/div>\n\t\t\t\t<\/div>\n\t\t<div class=\"elementor-element elementor-element-10c9d6b e-flex e-con-boxed e-con e-parent\" data-id=\"10c9d6b\" data-element_type=\"container\" data-e-type=\"container\" data-settings=\"{&quot;background_background&quot;:&quot;classic&quot;}\">\n\t\t\t\t\t<div class=\"e-con-inner\">\n\t\t<div class=\"elementor-element elementor-element-7f24ac4 e-con-full e-flex e-con e-child\" data-id=\"7f24ac4\" data-element_type=\"container\" data-e-type=\"container\">\n\t\t\t\t<div class=\"elementor-element elementor-element-54ad130 elementor-widget elementor-widget-heading\" data-id=\"54ad130\" data-element_type=\"widget\" data-e-type=\"widget\" data-widget_type=\"heading.default\">\n\t\t\t\t\t<h2 class=\"elementor-heading-title elementor-size-default\">V\u00e9rifier la disponibilit\u00e9<\/h2>\t\t\t\t<\/div>\n\t\t\t\t<div class=\"elementor-element elementor-element-a950fd6 elementor-widget elementor-widget-text-editor\" data-id=\"a950fd6\" data-element_type=\"widget\" data-e-type=\"widget\" data-widget_type=\"text-editor.default\">\n\t\t\t\t\t\t\t\t\t<p>V\u00e9rifiez la disponibilit\u00e9 en temps r\u00e9el et r\u00e9servez votre s\u00e9jour instantan\u00e9ment en ligne.<\/p>\t\t\t\t\t\t\t\t<\/div>\n\t\t\t\t<div class=\"elementor-element elementor-element-54c19ca elementor-widget elementor-widget-html\" data-id=\"54c19ca\" data-element_type=\"widget\" data-e-type=\"widget\" data-widget_type=\"html.default\">\n\t\t\t\t\t<style>\n  :root {\n    --ldg-bnb-background: #ffffff;\n    --ldg-bnb-border-radius: 0.42em;\n    --ldg-bnb-box-shadow: 0px 24px 54px 0px rgba(0, 0, 0, 0.1);\n    --ldg-bnb-padding: 14px;\n    --ldg-bnb-input-background: #ffffff;\n    --ldg-bnb-button-border-radius: 3.58em;\n\n    --ldg-bnb-color-primary: #7b6a58;\n    --ldg-bnb-color-primary-lighter:#bdb5ac;\n    --ldg-bnb-color-primary-darker: #3e352c;\n    --ldg-bnb-color-primary-contrast: #ffffff;\n    --ldg-component-calendar-cell-selection-bg-color: #7b6a58;\n    --ldg-component-calendar-cell-selection-color: #ffffff;\n    --ldg-component-calendar-cell-selected-bg-color: #bdb5ac;\n    --ldg-component-calendar-cell-selected-color: #ffffff;\n    --ldg-bnb-font-family: inherit;\n  }\n  #lodgify-book-now-box {    \n    width: 100%;\n  }\n<\/style>\n<div\n  id=\"lodgify-book-now-box\"\n  data-rental-id=\"787298\"\n  data-website-id=\"646463\"\n  data-slug=\"lars--van-den-munckhof\"\n  data-language-code=\"en\"\n  data-new-tab=\"true\"\n  data-version=\"stable\"\n  \n  \n  data-has-guests-breakdown\n data-check-in-label='Check-in'\n  data-check-out-label='Check-out'\n  data-guests-label='Guests'\n  data-guests-singular-label='{{NumberOfGuests}} guest'\n  data-guests-plural-label='{{NumberOfGuests}} guests'\n  data-location-input-label='Location'\n  data-total-price-label='Total price:'\n  data-select-dates-to-see-price-label='Select dates to see total price'\n  data-minimum-price-per-night-first-label='From'\n  data-minimum-price-per-night-second-label='per night'\n  data-book-button-label='Book Now'\n  data-guests-breakdown-label='Guests'\n  data-adults-label='{\"one\":\"adult\",\"other\":\"adults\"}'\n  data-adults-description='Ages {minAge} or above'\n  data-children-label='{\"one\":\"child\",\"other\":\"children\"}'\n  data-children-description='Ages {minAge}-{maxAge}'\n  data-children-not-allowed-label='Not suitable for children'\n  data-infants-label='{\"one\":\"infant\",\"other\":\"infants\"}'\n  data-infants-description='Under {maxAge}'\n  data-infants-not-allowed-label='Not suitable for infants'\n  data-pets-label='{\"one\":\"pet\",\"other\":\"pets\"}'\n  data-pets-not-allowed-label='Not allowed'\n  data-done-label='Done'\n  \n><\/div>\n  <script src=\"https:\/\/app.lodgify.com\/book-now-box\/stable\/renderBookNowBox.js\" defer><\/script>\t\t\t\t<\/div>\n\t\t\t\t<div class=\"elementor-element elementor-element-d19adbd elementor-widget elementor-widget-text-editor\" data-id=\"d19adbd\" data-element_type=\"widget\" data-e-type=\"widget\" data-widget_type=\"text-editor.default\">\n\t\t\t\t\t\t\t\t\t<p>Votre r\u00e9servation est soumise \u00e0 nos\u00a0<a href=\"https:\/\/azurea-apartment.com\/fr\/terms-conditions\/\">Conditions g\u00e9n\u00e9rales<\/a><\/p>\t\t\t\t\t\t\t\t<\/div>\n\t\t\t\t<\/div>\n\t\t<div class=\"elementor-element elementor-element-ce72b86 e-con-full elementor-hidden-tablet elementor-hidden-mobile e-flex e-con e-child\" data-id=\"ce72b86\" data-element_type=\"container\" data-e-type=\"container\">\n\t\t\t\t<div class=\"elementor-element elementor-element-12017ae elementor-widget elementor-widget-text-editor\" data-id=\"12017ae\" data-element_type=\"widget\" data-e-type=\"widget\" data-widget_type=\"text-editor.default\">\n\t\t\t\t\t\t\t\t\t<ul><li data-section-id=\"56go4z\" data-start=\"850\" data-end=\"873\">Meilleur tarif disponible<\/li><li data-section-id=\"1jpy29o\" data-start=\"874\" data-end=\"898\">Confirmation instantan\u00e9e<\/li><li data-section-id=\"lrhrqi\" data-start=\"899\" data-end=\"924\">Paiement en ligne s\u00e9curis\u00e9<\/li><\/ul>\t\t\t\t\t\t\t\t<\/div>\n\t\t\t\t<\/div>\n\t\t\t\t\t<\/div>\n\t\t\t\t<\/div>\n\t\t<div class=\"elementor-element elementor-element-e0a86b0 e-flex e-con-boxed e-con e-parent\" data-id=\"e0a86b0\" data-element_type=\"container\" data-e-type=\"container\">\n\t\t\t\t\t<div class=\"e-con-inner\">\n\t\t<div class=\"elementor-element elementor-element-8e57b8f e-con-full e-flex e-con e-child\" data-id=\"8e57b8f\" data-element_type=\"container\" data-e-type=\"container\">\n\t\t\t\t<div class=\"elementor-element elementor-element-ec9ef1c elementor-widget elementor-widget-image\" data-id=\"ec9ef1c\" data-element_type=\"widget\" data-e-type=\"widget\" data-widget_type=\"image.default\">\n\t\t\t\t\t\t\t\t\t\t\t\t\t\t\t<img decoding=\"async\" width=\"1600\" height=\"893\" src=\"https:\/\/azurea-apartment.com\/wp-content\/uploads\/2026\/03\/7c4fc5f1-2353-4424-bfe8-218581886bb9.jpg\" class=\"attachment-full size-full wp-image-50\" alt=\"\" srcset=\"https:\/\/azurea-apartment.com\/wp-content\/uploads\/2026\/03\/7c4fc5f1-2353-4424-bfe8-218581886bb9.jpg 1600w, https:\/\/azurea-apartment.com\/wp-content\/uploads\/2026\/03\/7c4fc5f1-2353-4424-bfe8-218581886bb9-300x167.jpg 300w, https:\/\/azurea-apartment.com\/wp-content\/uploads\/2026\/03\/7c4fc5f1-2353-4424-bfe8-218581886bb9-1024x572.jpg 1024w, https:\/\/azurea-apartment.com\/wp-content\/uploads\/2026\/03\/7c4fc5f1-2353-4424-bfe8-218581886bb9-768x429.jpg 768w, https:\/\/azurea-apartment.com\/wp-content\/uploads\/2026\/03\/7c4fc5f1-2353-4424-bfe8-218581886bb9-1536x857.jpg 1536w\" sizes=\"(max-width: 1600px) 100vw, 1600px\" \/>\t\t\t\t\t\t\t\t\t\t\t\t\t\t\t<\/div>\n\t\t\t\t<\/div>\n\t\t<div class=\"elementor-element elementor-element-301032a e-con-full e-flex e-con e-child\" data-id=\"301032a\" data-element_type=\"container\" data-e-type=\"container\">\n\t\t\t\t<div class=\"elementor-element elementor-element-dcadf88 elementor-widget elementor-widget-text-editor\" data-id=\"dcadf88\" data-element_type=\"widget\" data-e-type=\"widget\" data-widget_type=\"text-editor.default\">\n\t\t\t\t\t\t\t\t\t<p>Bon \u00e0 savoir\u00a0<\/p>\t\t\t\t\t\t\t\t<\/div>\n\t\t\t\t<div class=\"elementor-element elementor-element-a05cd8b elementor-widget elementor-widget-text-editor\" data-id=\"a05cd8b\" data-element_type=\"widget\" data-e-type=\"widget\" data-widget_type=\"text-editor.default\">\n\t\t\t\t\t\t\t\t\t<ul><li>Id\u00e9al pour 4 personnes, maximum 6 personnes (avec canap\u00e9-lit)<\/li><li>Appartement de 28m\u00b2 avec balcon de 5m\u00b2\u00a0<\/li><li>Situ\u00e9 \u00e0 la Plage de la Gaillarde (2 min \u00e0 pied de la plage)<\/li><li>Acc\u00e8s aux piscines, aux courts de tennis et aux installations communes inclus<\/li><li>Parking public gratuit \u00e0 proximit\u00e9<\/li><li>Bornes de recharge pour v\u00e9hicules \u00e9lectriques disponibles<\/li><li>Frais de nettoyage et de service applicables par s\u00e9jour (un prix tout compris)<\/li><li>Enregistrement et d\u00e9part organis\u00e9s localement par notre h\u00f4te (parle n\u00e9erlandais, anglais, allemand et fran\u00e7ais)<\/li><\/ul>\t\t\t\t\t\t\t\t<\/div>\n\t\t\t\t<\/div>\n\t\t\t\t\t<\/div>\n\t\t\t\t<\/div>\n\t\t<div class=\"elementor-element elementor-element-f69b656 e-flex e-con-boxed e-con e-parent\" data-id=\"f69b656\" data-element_type=\"container\" data-e-type=\"container\">\n\t\t\t\t\t<div class=\"e-con-inner\">\n\t\t<div class=\"elementor-element elementor-element-275e312 e-con-full e-flex e-con e-child\" data-id=\"275e312\" data-element_type=\"container\" data-e-type=\"container\" data-settings=\"{&quot;background_background&quot;:&quot;classic&quot;}\">\n\t\t\t\t<div class=\"elementor-element elementor-element-f4f8a90 elementor-widget elementor-widget-heading\" data-id=\"f4f8a90\" data-element_type=\"widget\" data-e-type=\"widget\" data-widget_type=\"heading.default\">\n\t\t\t\t\t<h2 class=\"elementor-heading-title elementor-size-default\">Besoin d'aide pour votre r\u00e9servation ?<\/h2>\t\t\t\t<\/div>\n\t\t\t\t<div class=\"elementor-element elementor-element-db903c7 elementor-widget elementor-widget-text-editor\" data-id=\"db903c7\" data-element_type=\"widget\" data-e-type=\"widget\" data-widget_type=\"text-editor.default\">\n\t\t\t\t\t\t\t\t\t<p>N'h\u00e9sitez pas \u00e0 nous contacter pour toute question ou demande sp\u00e9cifique. Nous serons heureux de vous aider \u00e0 planifier votre s\u00e9jour !<\/p>\t\t\t\t\t\t\t\t<\/div>\n\t\t\t\t<div class=\"elementor-element elementor-element-f97899b elementor-align-center elementor-widget elementor-widget-button\" data-id=\"f97899b\" data-element_type=\"widget\" data-e-type=\"widget\" data-widget_type=\"button.default\">\n\t\t\t\t\t\t\t\t\t\t<a class=\"elementor-button elementor-button-link elementor-size-sm\" href=\"mailto:info@azurea-apartment.com\">\n\t\t\t\t\t\t<span class=\"elementor-button-content-wrapper\">\n\t\t\t\t\t\t<span class=\"elementor-button-icon\">\n\t\t\t\t<svg aria-hidden=\"true\" class=\"e-font-icon-svg e-fas-arrow-right\" viewbox=\"0 0 448 512\" xmlns=\"http:\/\/www.w3.org\/2000\/svg\"><path d=\"M190.5 66.9l22.2-22.2c9.4-9.4 24.6-9.4 33.9 0L441 239c9.4 9.4 9.4 24.6 0 33.9L246.6 467.3c-9.4 9.4-24.6 9.4-33.9 0l-22.2-22.2c-9.5-9.5-9.3-25 .4-34.3L311.4 296H24c-13.3 0-24-10.7-24-24v-32c0-13.3 10.7-24 24-24h287.4L190.9 101.2c-9.8-9.3-10-24.8-.4-34.3z\"><\/path><\/svg>\t\t\t<\/span>\n\t\t\t\t\t\t\t\t\t<span class=\"elementor-button-text\">Contactez-nous<\/span>\n\t\t\t\t\t<\/span>\n\t\t\t\t\t<\/a>\n\t\t\t\t\t\t\t\t<\/div>\n\t\t\t\t<\/div>\n\t\t<div class=\"elementor-element elementor-element-3ca4af7 e-con-full e-flex e-con e-child\" data-id=\"3ca4af7\" data-element_type=\"container\" data-e-type=\"container\">\n\t\t\t\t<\/div>\n\t\t\t\t\t<\/div>\n\t\t\t\t<\/div>\n\t\t<div class=\"elementor-element elementor-element-1dc6860 e-flex e-con-boxed e-con e-parent\" data-id=\"1dc6860\" data-element_type=\"container\" data-e-type=\"container\">\n\t\t\t\t\t<div class=\"e-con-inner\">\n\t\t\t\t\t<\/div>\n\t\t\t\t<\/div>\n\t\t\t\t<\/div>","protected":false},"excerpt":{"rendered":"<p>Azurea AVAILABILITY &amp; BOOKING Plan your stay at Azurea Booking Book your stay directly Check live availability and book your stay instantly online. Azurea offers a simple, secure and seamless booking experience, with direct confirmation of your reservation. We are also happy to assist you with availability, questions and your stay on the C\u00f4te d\u2019Azur. [&hellip;]<\/p>\n","protected":false},"author":1,"featured_media":0,"parent":0,"menu_order":0,"comment_status":"closed","ping_status":"closed","template":"elementor_header_footer","meta":{"ocean_post_layout":"","ocean_both_sidebars_style":"","ocean_both_sidebars_content_width":0,"ocean_both_sidebars_sidebars_width":0,"ocean_sidebar":"","ocean_second_sidebar":"","ocean_disable_margins":"enable","ocean_add_body_class":"","ocean_shortcode_before_top_bar":"","ocean_shortcode_after_top_bar":"","ocean_shortcode_before_header":"","ocean_shortcode_after_header":"","ocean_has_shortcode":"","ocean_shortcode_after_title":"","ocean_shortcode_before_footer_widgets":"","ocean_shortcode_after_footer_widgets":"","ocean_shortcode_before_footer_bottom":"","ocean_shortcode_after_footer_bottom":"","ocean_display_top_bar":"default","ocean_display_header":"default","ocean_header_style":"","ocean_center_header_left_menu":"","ocean_custom_header_template":"","ocean_custom_logo":0,"ocean_custom_retina_logo":0,"ocean_custom_logo_max_width":0,"ocean_custom_logo_tablet_max_width":0,"ocean_custom_logo_mobile_max_width":0,"ocean_custom_logo_max_height":0,"ocean_custom_logo_tablet_max_height":0,"ocean_custom_logo_mobile_max_height":0,"ocean_header_custom_menu":"","ocean_menu_typo_font_family":"","ocean_menu_typo_font_subset":"","ocean_menu_typo_font_size":0,"ocean_menu_typo_font_size_tablet":0,"ocean_menu_typo_font_size_mobile":0,"ocean_menu_typo_font_size_unit":"px","ocean_menu_typo_font_weight":"","ocean_menu_typo_font_weight_tablet":"","ocean_menu_typo_font_weight_mobile":"","ocean_menu_typo_transform":"","ocean_menu_typo_transform_tablet":"","ocean_menu_typo_transform_mobile":"","ocean_menu_typo_line_height":0,"ocean_menu_typo_line_height_tablet":0,"ocean_menu_typo_line_height_mobile":0,"ocean_menu_typo_line_height_unit":"","ocean_menu_typo_spacing":0,"ocean_menu_typo_spacing_tablet":0,"ocean_menu_typo_spacing_mobile":0,"ocean_menu_typo_spacing_unit":"","ocean_menu_link_color":"","ocean_menu_link_color_hover":"","ocean_menu_link_color_active":"","ocean_menu_link_background":"","ocean_menu_link_hover_background":"","ocean_menu_link_active_background":"","ocean_menu_social_links_bg":"","ocean_menu_social_hover_links_bg":"","ocean_menu_social_links_color":"","ocean_menu_social_hover_links_color":"","ocean_disable_title":"on","ocean_disable_heading":"default","ocean_post_title":"","ocean_post_subheading":"","ocean_post_title_style":"","ocean_post_title_background_color":"","ocean_post_title_background":0,"ocean_post_title_bg_image_position":"","ocean_post_title_bg_image_attachment":"","ocean_post_title_bg_image_repeat":"","ocean_post_title_bg_image_size":"","ocean_post_title_height":0,"ocean_post_title_bg_overlay":0.5,"ocean_post_title_bg_overlay_color":"","ocean_disable_breadcrumbs":"off","ocean_breadcrumbs_color":"","ocean_breadcrumbs_separator_color":"","ocean_breadcrumbs_links_color":"","ocean_breadcrumbs_links_hover_color":"","ocean_display_footer_widgets":"off","ocean_display_footer_bottom":"off","ocean_custom_footer_template":"","footnotes":""},"class_list":["post-136","page","type-page","status-publish","hentry","entry"],"_links":{"self":[{"href":"https:\/\/azurea-apartment.com\/fr\/wp-json\/wp\/v2\/pages\/136","targetHints":{"allow":["GET"]}}],"collection":[{"href":"https:\/\/azurea-apartment.com\/fr\/wp-json\/wp\/v2\/pages"}],"about":[{"href":"https:\/\/azurea-apartment.com\/fr\/wp-json\/wp\/v2\/types\/page"}],"author":[{"embeddable":true,"href":"https:\/\/azurea-apartment.com\/fr\/wp-json\/wp\/v2\/users\/1"}],"replies":[{"embeddable":true,"href":"https:\/\/azurea-apartment.com\/fr\/wp-json\/wp\/v2\/comments?post=136"}],"version-history":[{"count":50,"href":"https:\/\/azurea-apartment.com\/fr\/wp-json\/wp\/v2\/pages\/136\/revisions"}],"predecessor-version":[{"id":382,"href":"https:\/\/azurea-apartment.com\/fr\/wp-json\/wp\/v2\/pages\/136\/revisions\/382"}],"wp:attachment":[{"href":"https:\/\/azurea-apartment.com\/fr\/wp-json\/wp\/v2\/media?parent=136"}],"curies":[{"name":"wp","href":"https:\/\/api.w.org\/{rel}","templated":true}]}}